{"id":1915,"date":"2022-11-20T18:00:49","date_gmt":"2022-11-20T18:00:49","guid":{"rendered":"https:\/\/textilesestilizadosdelfinaprieto.com\/?post_type=product&#038;p=1915"},"modified":"2025-08-13T02:36:59","modified_gmt":"2025-08-13T02:36:59","slug":"boda-6","status":"publish","type":"product","link":"https:\/\/textilesestilizadosdelfinaprieto.com\/index.php\/producto\/boda-6\/","title":{"rendered":"Boda 6"},"content":{"rendered":"","protected":false},"excerpt":{"rendered":"<div class=\"woocommerce-product-details__short-description\">\n<p>Ma\u00f1anita \u00e9tnica de una sola pieza en lino de bamb\u00fa, terminada con punto perdido original del Istmo de Tehuantepec.<\/p>\n<\/div>\n<div class=\"product_meta\"><\/div>\n","protected":false},"featured_media":1898,"comment_status":"open","ping_status":"closed","template":"","meta":{"om_disable_all_campaigns":false,"_monsterinsights_skip_tracking":false,"_monsterinsights_sitenote_active":false,"_monsterinsights_sitenote_note":"","_monsterinsights_sitenote_category":0,"site-sidebar-layout":"default","site-content-layout":"default","ast-main-header-display":"","ast-hfb-above-header-display":"","ast-hfb-below-header-display":"","ast-hfb-mobile-header-display":"","site-post-title":"","ast-breadcrumbs-content":"","ast-featured-img":"","footer-sml-layout":"","theme-transparent-header-meta":"default","adv-header-id-meta":"","stick-header-meta":"","header-above-stick-meta":"","header-main-stick-meta":"","header-below-stick-meta":""},"product_cat":[24],"product_tag":[],"class_list":["post-1915","product","type-product","status-publish","has-post-thumbnail","hentry","product_cat-prendas"],"aioseo_notices":[],"_links":{"self":[{"href":"https:\/\/textilesestilizadosdelfinaprieto.com\/index.php\/wp-json\/wp\/v2\/product\/1915","targetHints":{"allow":["GET"]}}],"collection":[{"href":"https:\/\/textilesestilizadosdelfinaprieto.com\/index.php\/wp-json\/wp\/v2\/product"}],"about":[{"href":"https:\/\/textilesestilizadosdelfinaprieto.com\/index.php\/wp-json\/wp\/v2\/types\/product"}],"replies":[{"embeddable":true,"href":"https:\/\/textilesestilizadosdelfinaprieto.com\/index.php\/wp-json\/wp\/v2\/comments?post=1915"}],"wp:featuredmedia":[{"embeddable":true,"href":"https:\/\/textilesestilizadosdelfinaprieto.com\/index.php\/wp-json\/wp\/v2\/media\/1898"}],"wp:attachment":[{"href":"https:\/\/textilesestilizadosdelfinaprieto.com\/index.php\/wp-json\/wp\/v2\/media?parent=1915"}],"wp:term":[{"taxonomy":"product_cat","embeddable":true,"href":"https:\/\/textilesestilizadosdelfinaprieto.com\/index.php\/wp-json\/wp\/v2\/product_cat?post=1915"},{"taxonomy":"product_tag","embeddable":true,"href":"https:\/\/textilesestilizadosdelfinaprieto.com\/index.php\/wp-json\/wp\/v2\/product_tag?post=1915"}],"curies":[{"name":"wp","href":"https:\/\/api.w.org\/{rel}","templated":true}]}}