{"id":1585,"date":"2022-02-03T05:00:04","date_gmt":"2022-02-03T05:00:04","guid":{"rendered":"https:\/\/textilesestilizadosdelfinaprieto.com\/?post_type=product&#038;p=1585"},"modified":"2022-02-15T17:39:13","modified_gmt":"2022-02-15T17:39:13","slug":"valle-nacional-oaxaca","status":"publish","type":"product","link":"https:\/\/textilesestilizadosdelfinaprieto.com\/index.php\/producto\/valle-nacional-oaxaca\/","title":{"rendered":"Textil bordado Oaxaca (Valle Nacional )unitalla"},"content":{"rendered":"<p class=\"p1\">Nuestras prendas son piezas \u00fanicas, la cual nos gusta brindarte un servicio personalizado y directo con nosotros, sigue las indicaciones para adquirir tu prenda:<\/p>\n<p class=\"p1\">1.-\u00a0 escoge la prenda que te haya gustado.<\/p>\n<p class=\"p1\">2.- Mandamos un mensaje por WhatsApp al siguiente numero 951-226-9295 \u00f3 dale clic al icono de whatsapp y autom\u00e1ticamente estar\u00e1s hablando con nosotros.<\/p>\n<p class=\"p1\">3.- Tambi\u00e9n nos puedes mandar un correo a delfinaprietoetnica@gmail.com<\/p>\n<p class=\"p1\">4.- Una vez que te comuniques con nosotros, te brindamos todas las atenciones y te informaremos la forma de pago y el env\u00edo.<\/p>\n","protected":false},"excerpt":{"rendered":"<p>Blusa\u00a0 \u00e9tnica hexagonal, textil bordado en la pechera, mismo que se utiliza en el huipil de Valle Nacional, en lino de bamb\u00fa, con remate y terminado con coralillo.<\/p>\n","protected":false},"featured_media":1667,"comment_status":"open","ping_status":"closed","template":"","meta":{"om_disable_all_campaigns":false,"_monsterinsights_skip_tracking":false,"_monsterinsights_sitenote_active":false,"_monsterinsights_sitenote_note":"","_monsterinsights_sitenote_category":0,"site-sidebar-layout":"default","site-content-layout":"default","ast-main-header-display":"","ast-hfb-above-header-display":"","ast-hfb-below-header-display":"","ast-hfb-mobile-header-display":"","site-post-title":"","ast-breadcrumbs-content":"","ast-featured-img":"","footer-sml-layout":"","theme-transparent-header-meta":"default","adv-header-id-meta":"","stick-header-meta":"","header-above-stick-meta":"","header-main-stick-meta":"","header-below-stick-meta":""},"product_cat":[24,32],"product_tag":[],"class_list":["post-1585","product","type-product","status-publish","has-post-thumbnail","hentry","product_cat-prendas","product_cat-valle-naciona"],"aioseo_notices":[],"_links":{"self":[{"href":"https:\/\/textilesestilizadosdelfinaprieto.com\/index.php\/wp-json\/wp\/v2\/product\/1585","targetHints":{"allow":["GET"]}}],"collection":[{"href":"https:\/\/textilesestilizadosdelfinaprieto.com\/index.php\/wp-json\/wp\/v2\/product"}],"about":[{"href":"https:\/\/textilesestilizadosdelfinaprieto.com\/index.php\/wp-json\/wp\/v2\/types\/product"}],"replies":[{"embeddable":true,"href":"https:\/\/textilesestilizadosdelfinaprieto.com\/index.php\/wp-json\/wp\/v2\/comments?post=1585"}],"wp:featuredmedia":[{"embeddable":true,"href":"https:\/\/textilesestilizadosdelfinaprieto.com\/index.php\/wp-json\/wp\/v2\/media\/1667"}],"wp:attachment":[{"href":"https:\/\/textilesestilizadosdelfinaprieto.com\/index.php\/wp-json\/wp\/v2\/media?parent=1585"}],"wp:term":[{"taxonomy":"product_cat","embeddable":true,"href":"https:\/\/textilesestilizadosdelfinaprieto.com\/index.php\/wp-json\/wp\/v2\/product_cat?post=1585"},{"taxonomy":"product_tag","embeddable":true,"href":"https:\/\/textilesestilizadosdelfinaprieto.com\/index.php\/wp-json\/wp\/v2\/product_tag?post=1585"}],"curies":[{"name":"wp","href":"https:\/\/api.w.org\/{rel}","templated":true}]}}